{"id":11615,"date":"2024-05-21T07:01:28","date_gmt":"2024-05-21T07:01:28","guid":{"rendered":"https:\/\/www.comwave.net\/residential3471\/Frais-administratifs\/"},"modified":"2024-05-22T05:49:19","modified_gmt":"2024-05-22T05:49:19","slug":"charges","status":"publish","type":"page","link":"https:\/\/www.comwave.net\/residential\/fr\/charges\/","title":{"rendered":"Frais d\u2019administration"},"content":{"rendered":"<p>Si vous \u00eates abonn\u00e9 aux services de Comwave, vous pouvez \u00eatre soumis aux frais administratifs suivants pour les activit\u00e9s administratives ou de traitement de compte li\u00e9s \u00e0 votre compte de consommation. Tous les frais sont sujets \u00e0 modification ainsi que les taxes applicables.<\/p>\n<p>&nbsp;<\/p>\n<table style=\"width: 100%;\">\n<tbody>\n<tr>\n<td width=\"309\"><strong>Nom des frais<\/strong><\/td>\n<td width=\"209\"><strong>Montant<\/strong><\/td>\n<td width=\"283\"><strong>Description<\/strong><\/td>\n<\/tr>\n<tr>\n<td width=\"309\">Frais d\u2019activation<\/td>\n<td width=\"209\">95,00\u00a0$<\/td>\n<td width=\"283\">Ces frais sont port\u00e9s \u00e0 votre compte si vous activez un service Internet par t\u00e9l\u00e9phone avec l\u2019aide de nos sp\u00e9cialistes du Service \u00e0 la client\u00e8le.<\/td>\n<\/tr>\n<tr>\n<td width=\"309\">Frais de v\u00e9rification<\/td>\n<td width=\"209\">2,95\u00a0$<\/td>\n<td width=\"283\">Ces frais sont exig\u00e9s pour l\u2019activation du service Internet en ligne.<\/td>\n<\/tr>\n<tr>\n<td width=\"309\">Changement de forfait<\/td>\n<td width=\"209\">50,00\u00a0$<\/td>\n<td width=\"283\">Ces frais sont port\u00e9s \u00e0 votre compte si vous changez votre forfait par t\u00e9l\u00e9phone, avec l\u2019aide de nos sp\u00e9cialistes du Service \u00e0 la client\u00e8le.<\/td>\n<\/tr>\n<tr>\n<td width=\"309\">Frais pour insuffisance de fonds*<\/td>\n<td width=\"209\">25,00\u00a0$<\/td>\n<td width=\"283\">Ces frais sont port\u00e9s \u00e0 votre compte lorsqu\u2019un remboursement de dette pr\u00e9autoris\u00e9 est refus\u00e9 ou un ch\u00e8que nous est retourn\u00e9 en raison d\u2019une insuffisance de fonds dans votre compte, de la fermeture du compte ou de l\u2019impossibilit\u00e9 de le retracer.<\/td>\n<\/tr>\n<tr>\n<td width=\"309\">Frais de r\u00e9cup\u00e9ration*<\/td>\n<td width=\"209\">50,00\u00a0$<\/td>\n<td width=\"283\">Ces frais sont port\u00e9s \u00e0 votre compte si on r\u00e9ussit \u00e0 traiter un paiement selon votre mode de paiement automatique ou si vous effectuez un paiement par carte de cr\u00e9dit ou par ch\u00e8que et que ce paiement est r\u00e9cup\u00e9r\u00e9 par vous ou par votre institution financi\u00e8re.<\/td>\n<\/tr>\n<tr>\n<td width=\"309\">Frais de rendez-vous manqu\u00e9<\/td>\n<td width=\"209\">50,00\u00a0$<\/td>\n<td width=\"283\">Ces frais sont exig\u00e9s lorsque la cliente ou le client n\u2019est pas disponible pour un rendez-vous pr\u00e9vu avec une technicienne ou un technicien.<\/td>\n<\/tr>\n<tr>\n<td width=\"309\">Frais de remplacement de modem\u00a0\u2013\u00a095\u00a0$<\/td>\n<td width=\"209\">95,00\u00a0$<\/td>\n<td width=\"283\">Ces frais sont exig\u00e9s pour le remplacement de l\u2019\u00e9quipement endommag\u00e9 par la cliente ou le client. Les frais sont \u00e9tablis par appareil.<\/td>\n<\/tr>\n<tr>\n<td width=\"309\">Frais pour appareil non retourn\u00e9<\/td>\n<td width=\"209\">95,00\u00a0$<\/td>\n<td width=\"283\">Ces frais sont port\u00e9s \u00e0 votre compte lorsque vous annulez votre service et ne retournez pas votre \u00e9quipement. Les frais sont \u00e9tablis par appareil.<\/td>\n<\/tr>\n<tr>\n<td width=\"309\">Frais de retour (reprise de stock)<\/td>\n<td width=\"209\">25,00\u00a0$<\/td>\n<td width=\"283\">Ces frais sont exig\u00e9s dans le cas d\u2019un r\u00e9approvisionnement de l\u2019\u00e9quipement apr\u00e8s l\u2019annulation du compte. Les frais sont \u00e9tablis par appareil.<\/td>\n<\/tr>\n<tr>\n<td width=\"309\">Frais d\u2019exp\u00e9dition<\/td>\n<td width=\"209\">19,95\u00a0$<\/td>\n<td width=\"283\">Ces frais sont exig\u00e9s pour l\u2019exp\u00e9dition de l\u2019\u00e9quipement.<\/td>\n<\/tr>\n<tr>\n<td width=\"309\">Frais de r\u00e9impression de facture<\/td>\n<td width=\"209\">2,95\u00a0$<\/td>\n<td width=\"283\">Ces frais sont port\u00e9s \u00e0 votre compte lorsque vous demandez la r\u00e9impression de votre facture au Service \u00e0 la client\u00e8le. Les frais sont \u00e9tablis par facture.<\/td>\n<\/tr>\n<\/tbody>\n<\/table>\n<p>*\u00a0Ces frais ne s\u2019appliquent pas aux personnes r\u00e9sidant au Qu\u00e9bec.<\/p>\n<style><span data-mce-type=\"bookmark\" style=\"display: inline-block; width: 0px; overflow: hidden; line-height: 0;\" class=\"mce_SELRES_start\">\ufeff<\/span>table {border-collapse: collapse;width: 100%;}td {border: 1px solid black;padding: 8px;}<\/style>\n","protected":false},"excerpt":{"rendered":"<p>Si vous \u00eates abonn\u00e9 aux services de Comwave, vous pouvez \u00eatre soumis aux frais administratifs suivants pour les activit\u00e9s administratives ou de traitement de compte li\u00e9s \u00e0 votre compte de consommation. Tous les frais sont sujets \u00e0 modification ainsi que les taxes applicables. &nbsp; Nom des frais Montant Description Frais d\u2019activation 95,00\u00a0$ Ces frais sont&hellip; <a class=\"more-link\" href=\"https:\/\/www.comwave.net\/residential\/fr\/charges\/\">Continue reading <span class=\"screen-reader-text\">Frais d\u2019administration<\/span><\/a><\/p>\n","protected":false},"author":1,"featured_media":0,"parent":0,"menu_order":0,"comment_status":"closed","ping_status":"closed","template":"","meta":{"_acf_changed":false,"footnotes":""},"class_list":["post-11615","page","type-page","status-publish","hentry","entry"],"acf":[],"_links":{"self":[{"href":"https:\/\/www.comwave.net\/residential\/fr\/wp-json\/wp\/v2\/pages\/11615"}],"collection":[{"href":"https:\/\/www.comwave.net\/residential\/fr\/wp-json\/wp\/v2\/pages"}],"about":[{"href":"https:\/\/www.comwave.net\/residential\/fr\/wp-json\/wp\/v2\/types\/page"}],"author":[{"embeddable":true,"href":"https:\/\/www.comwave.net\/residential\/fr\/wp-json\/wp\/v2\/users\/1"}],"replies":[{"embeddable":true,"href":"https:\/\/www.comwave.net\/residential\/fr\/wp-json\/wp\/v2\/comments?post=11615"}],"version-history":[{"count":6,"href":"https:\/\/www.comwave.net\/residential\/fr\/wp-json\/wp\/v2\/pages\/11615\/revisions"}],"predecessor-version":[{"id":11617,"href":"https:\/\/www.comwave.net\/residential\/fr\/wp-json\/wp\/v2\/pages\/11615\/revisions\/11617"}],"wp:attachment":[{"href":"https:\/\/www.comwave.net\/residential\/fr\/wp-json\/wp\/v2\/media?parent=11615"}],"curies":[{"name":"wp","href":"https:\/\/api.w.org\/{rel}","templated":true}]}}