{"id":11621,"date":"2024-05-21T07:20:43","date_gmt":"2024-05-21T07:20:43","guid":{"rendered":"https:\/\/www.comwave.net\/residential3471\/Remboursements-de-soldes-crediteurs-Comptes-annules\/"},"modified":"2024-05-22T06:09:17","modified_gmt":"2024-05-22T06:09:17","slug":"refund","status":"publish","type":"page","link":"https:\/\/www.comwave.net\/residential\/fr\/refund\/","title":{"rendered":"Remboursements de soldes cr\u00e9diteurs\u00a0\u2013 Comptes annul\u00e9s"},"content":{"rendered":"<p>Pour les comptes annul\u00e9s affichant un solde cr\u00e9diteur, veuillez communiquer avec nous en composant le\u00a0<a href=\"tel: 416-663-9600\">416-663-9600<\/a> ou en utilisant l\u2019un des moyens indiqu\u00e9s sur <a href=\"https:\/\/www.comwave.net\/residential\/fr\/contact\">comwave.net\/residential\/fr\/contact<\/a>, afin que votre remboursement soit trait\u00e9 manuellement.<\/p>\n","protected":false},"excerpt":{"rendered":"<p>Pour les comptes annul\u00e9s affichant un solde cr\u00e9diteur, veuillez communiquer avec nous en composant le\u00a0416-663-9600 ou en utilisant l\u2019un des moyens indiqu\u00e9s sur comwave.net\/residential\/fr\/contact, afin que votre remboursement soit trait\u00e9 manuellement.<\/p>\n","protected":false},"author":1,"featured_media":0,"parent":0,"menu_order":0,"comment_status":"closed","ping_status":"closed","template":"","meta":{"_acf_changed":false,"footnotes":""},"class_list":["post-11621","page","type-page","status-publish","hentry","entry"],"acf":[],"_links":{"self":[{"href":"https:\/\/www.comwave.net\/residential\/fr\/wp-json\/wp\/v2\/pages\/11621"}],"collection":[{"href":"https:\/\/www.comwave.net\/residential\/fr\/wp-json\/wp\/v2\/pages"}],"about":[{"href":"https:\/\/www.comwave.net\/residential\/fr\/wp-json\/wp\/v2\/types\/page"}],"author":[{"embeddable":true,"href":"https:\/\/www.comwave.net\/residential\/fr\/wp-json\/wp\/v2\/users\/1"}],"replies":[{"embeddable":true,"href":"https:\/\/www.comwave.net\/residential\/fr\/wp-json\/wp\/v2\/comments?post=11621"}],"version-history":[{"count":4,"href":"https:\/\/www.comwave.net\/residential\/fr\/wp-json\/wp\/v2\/pages\/11621\/revisions"}],"predecessor-version":[{"id":11777,"href":"https:\/\/www.comwave.net\/residential\/fr\/wp-json\/wp\/v2\/pages\/11621\/revisions\/11777"}],"wp:attachment":[{"href":"https:\/\/www.comwave.net\/residential\/fr\/wp-json\/wp\/v2\/media?parent=11621"}],"curies":[{"name":"wp","href":"https:\/\/api.w.org\/{rel}","templated":true}]}}