{"id":11624,"date":"2024-05-21T07:27:25","date_gmt":"2024-05-21T07:27:25","guid":{"rendered":"https:\/\/www.comwave.net\/residential3471\/?page_id=11624"},"modified":"2024-05-21T14:20:16","modified_gmt":"2024-05-21T14:20:16","slug":"privacy","status":"publish","type":"page","link":"https:\/\/www.comwave.net\/residential\/fr\/privacy\/","title":{"rendered":"POLITIQUE DE PROTECTION DE LA VIE PRIV\u00c9E"},"content":{"rendered":"<p>Chez Comwave Networks Inc., on s\u2019engage \u00e1 prot\u00e9ger la confidentialit\u00e9 des renseignements personnels de nos clients. On prend toutes les mesures raisonnables pour assurer la confidentialit\u00e9 de ces renseignements, notamment en mettant en place des politiques et des proc\u00e9dures rigoureuses afin de se conformer enti\u00e8rement \u00e1 l\u2019ensemble des lois et des r\u00e8glements sur la protection de la vie priv\u00e9e au Canada.<\/p>\n<p>Comwave Networks Inc. est d\u00e9tenu par Rogers Communications Inc. et est exploit\u00e9 par celle-ci. Vos renseignements personnels sont r\u00e9gis par la Politique de confidentialit\u00e9 de Rogers Communications. Pour obtenir de plus amples renseignements et consulter la Politique, rendez-vous sur <a href=\"https:\/\/www.rogers.com\/privee\" target=\"_blank\" rel=\"noopener\"><u>https:\/\/www.rogers.com\/privee<\/u><\/a>.<\/p>\n","protected":false},"excerpt":{"rendered":"<p>Chez Comwave Networks Inc., on s\u2019engage \u00e1 prot\u00e9ger la confidentialit\u00e9 des renseignements personnels de nos clients. On prend toutes les mesures raisonnables pour assurer la confidentialit\u00e9 de ces renseignements, notamment en mettant en place des politiques et des proc\u00e9dures rigoureuses afin de se conformer enti\u00e8rement \u00e1 l\u2019ensemble des lois et des r\u00e8glements sur la protection&hellip; <a class=\"more-link\" href=\"https:\/\/www.comwave.net\/residential\/fr\/privacy\/\">Continue reading <span class=\"screen-reader-text\">POLITIQUE DE PROTECTION DE LA VIE PRIV\u00c9E<\/span><\/a><\/p>\n","protected":false},"author":1,"featured_media":0,"parent":0,"menu_order":0,"comment_status":"closed","ping_status":"closed","template":"","meta":{"_acf_changed":false,"footnotes":""},"class_list":["post-11624","page","type-page","status-publish","hentry","entry"],"acf":[],"_links":{"self":[{"href":"https:\/\/www.comwave.net\/residential\/fr\/wp-json\/wp\/v2\/pages\/11624"}],"collection":[{"href":"https:\/\/www.comwave.net\/residential\/fr\/wp-json\/wp\/v2\/pages"}],"about":[{"href":"https:\/\/www.comwave.net\/residential\/fr\/wp-json\/wp\/v2\/types\/page"}],"author":[{"embeddable":true,"href":"https:\/\/www.comwave.net\/residential\/fr\/wp-json\/wp\/v2\/users\/1"}],"replies":[{"embeddable":true,"href":"https:\/\/www.comwave.net\/residential\/fr\/wp-json\/wp\/v2\/comments?post=11624"}],"version-history":[{"count":7,"href":"https:\/\/www.comwave.net\/residential\/fr\/wp-json\/wp\/v2\/pages\/11624\/revisions"}],"predecessor-version":[{"id":11630,"href":"https:\/\/www.comwave.net\/residential\/fr\/wp-json\/wp\/v2\/pages\/11624\/revisions\/11630"}],"wp:attachment":[{"href":"https:\/\/www.comwave.net\/residential\/fr\/wp-json\/wp\/v2\/media?parent=11624"}],"curies":[{"name":"wp","href":"https:\/\/api.w.org\/{rel}","templated":true}]}}