{"id":14423,"date":"2024-10-10T21:30:07","date_gmt":"2024-10-10T21:30:07","guid":{"rendered":"https:\/\/www.comwave.net\/residential\/?page_id=14423"},"modified":"2024-12-02T14:17:24","modified_gmt":"2024-12-02T14:17:24","slug":"Rogers-Bank-Terms-and-Conditions-QC-FR","status":"publish","type":"page","link":"https:\/\/www.comwave.net\/residential\/Rogers-Bank-Terms-and-Conditions-QC-FR\/","title":{"rendered":"Rogers Bank Terms and Conditions (QC FR)"},"content":{"rendered":"\t\t<div data-elementor-type=\"wp-page\" data-elementor-id=\"14423\" class=\"elementor elementor-14423\">\n\t\t\t\t\t\t<section class=\"elementor-section elementor-top-section elementor-element elementor-element-259661b elementor-section-boxed elementor-section-height-default elementor-section-height-default\" data-id=\"259661b\" data-element_type=\"section\">\n\t\t\t\t\t\t<div class=\"elementor-container elementor-column-gap-default\">\n\t\t\t\t\t<div class=\"elementor-column elementor-col-100 elementor-top-column elementor-element elementor-element-82c6d89\" data-id=\"82c6d89\" data-element_type=\"column\">\n\t\t\t<div class=\"elementor-widget-wrap elementor-element-populated\">\n\t\t\t\t\t\t<div class=\"elementor-element elementor-element-0d13241 elementor-widget elementor-widget-heading\" data-id=\"0d13241\" data-element_type=\"widget\" data-widget_type=\"heading.default\">\n\t\t\t\t<div class=\"elementor-widget-container\">\n\t\t\t<h2 class=\"elementor-heading-title elementor-size-default\">Modalit\u00e9s de l\u2019offre<\/h2>\t\t<\/div>\n\t\t\t\t<\/div>\n\t\t\t\t<div class=\"elementor-element elementor-element-36e0d33 elementor-widget elementor-widget-text-editor\" data-id=\"36e0d33\" data-element_type=\"widget\" data-widget_type=\"text-editor.default\">\n\t\t\t\t<div class=\"elementor-widget-container\">\n\t\t\t\t\t\t\t<p><strong>Modalit\u00e9s de l\u2019offre\u00a0: <\/strong>L\u2019offre s\u2019adresse aux titulaires principaux de la carte de cr\u00e9dit de la Banque Rogers qui ne sont pas d\u00e9j\u00e0 des clients du service Internet de Rogers ou des utilisateurs de produits Comwave. L\u2019offre est en vigueur du 7\u00a0novembre au 31\u00a0d\u00e9cembre\u00a02024 \u00e0 23\u00a0h\u00a059 (HNE) (la <strong>P\u00e9riode de l\u2019offre<\/strong>). Obtenez 100\u00a0$ en cr\u00e9dits sur vos relev\u00e9s applicables de carte de cr\u00e9dit de la Banque\u00a0Rogers lorsque\u00a0: (a) pendant la P\u00e9riode de l\u2019offre, vous vous abonnez \u00e0 des Services admissibles (d\u00e9finis ci-dessous) en ligne, dans les magasins Rogers participants ou aupr\u00e8s de points de vente ou de tiers participants offrant des produits Rogers, et (b) vous r\u00e9glez votre facture de Services admissibles avec votre carte de cr\u00e9dit de la Banque\u00a0Rogers (le titulaire du compte de Services admissibles et le titulaire principal de la carte de la Banque Rogers doivent \u00eatre la m\u00eame personne).<\/p><p>Si vous n\u2019\u00eates pas titulaire d\u2019une carte de cr\u00e9dit de la Banque\u00a0Rogers, vous devez en demander une pendant la P\u00e9riode de l\u2019offre et dans les 15\u00a0jours suivant votre abonnement aux Services admissibles. La demande doit \u00eatre approuv\u00e9e pour que vous soyez admissible \u00e0 l\u2019offre. La demande pourrait faire l\u2019objet d\u2019une \u00e9valuation de cr\u00e9dit et, le cas \u00e9ch\u00e9ant, d\u2019une v\u00e9rification du revenu avant d\u2019\u00eatre approuv\u00e9e. Une fois votre admissibilit\u00e9 \u00e0 l\u2019offre confirm\u00e9e, les 100\u00a0$\u00a0(2\u00a0x\u00a050\u00a0$) en cr\u00e9dits sont appliqu\u00e9s \u00e0 votre relev\u00e9 mensuel de la Banque\u00a0Rogers comme suit\u00a0: (a) un premier cr\u00e9dit de 50\u00a0$ est appliqu\u00e9 dans un d\u00e9lai d\u2019environ 3\u00a0mois, et (b) un deuxi\u00e8me cr\u00e9dit de 50\u00a0$ est appliqu\u00e9 dans un d\u00e9lai d\u2019environ 6\u00a0mois. Votre compte de la Banque\u00a0Rogers et votre compte de Services admissibles doivent \u00eatre ouverts, actifs et en r\u00e8gle au moment de l\u2019application des cr\u00e9dits, sans quoi ceux-ci ne seront pas appliqu\u00e9s. L\u2019offre peut \u00eatre modifi\u00e9e, annul\u00e9e ou prolong\u00e9e en tout temps sans pr\u00e9avis. Nous pouvons annuler cette offre si vous semblez la manipuler ou en abuser, ou si vous vous adonnez \u00e0 une activit\u00e9 suspecte ou frauduleuse, comme il est d\u00e9termin\u00e9 \u00e0 notre seule discr\u00e9tion. Les employ\u00e9s de Rogers et ceux de Comwave ne sont pas admissibles \u00e0 cette offre.<strong> Les Services admissibles signifient\u00a0:<\/strong> (1) une offre group\u00e9e Internet Rogers\u00a0Xfinity et T\u00e9l\u00e9\/Streaming Rogers\u00a0Xfinity; ou (2) une offre group\u00e9e Internet + T\u00e9l\u00e9\u00a0Comwave. <\/p>\t\t\t\t\t\t<\/div>\n\t\t\t\t<\/div>\n\t\t\t\t\t<\/div>\n\t\t<\/div>\n\t\t\t\t\t<\/div>\n\t\t<\/section>\n\t\t\t\t<\/div>\n\t\t","protected":false},"excerpt":{"rendered":"<p>Modalit\u00e9s de l\u2019offre Modalit\u00e9s de l\u2019offre\u00a0: L\u2019offre s\u2019adresse aux titulaires principaux de la carte de cr\u00e9dit de la Banque Rogers qui ne sont pas d\u00e9j\u00e0 des clients du service Internet de Rogers ou des utilisateurs de produits Comwave. L\u2019offre est en vigueur du 7\u00a0novembre au 31\u00a0d\u00e9cembre\u00a02024 \u00e0 23\u00a0h\u00a059 (HNE) (la P\u00e9riode de l\u2019offre). Obtenez 100\u00a0$&hellip; <a class=\"more-link\" href=\"https:\/\/www.comwave.net\/residential\/Rogers-Bank-Terms-and-Conditions-QC-FR\/\">Continue reading <span class=\"screen-reader-text\">Rogers Bank Terms and Conditions (QC FR)<\/span><\/a><\/p>\n","protected":false},"author":1,"featured_media":0,"parent":0,"menu_order":0,"comment_status":"closed","ping_status":"closed","template":"elementor_header_footer","meta":{"_acf_changed":false,"footnotes":""},"class_list":["post-14423","page","type-page","status-publish","hentry","entry"],"acf":[],"_links":{"self":[{"href":"https:\/\/www.comwave.net\/residential\/wp-json\/wp\/v2\/pages\/14423"}],"collection":[{"href":"https:\/\/www.comwave.net\/residential\/wp-json\/wp\/v2\/pages"}],"about":[{"href":"https:\/\/www.comwave.net\/residential\/wp-json\/wp\/v2\/types\/page"}],"author":[{"embeddable":true,"href":"https:\/\/www.comwave.net\/residential\/wp-json\/wp\/v2\/users\/1"}],"replies":[{"embeddable":true,"href":"https:\/\/www.comwave.net\/residential\/wp-json\/wp\/v2\/comments?post=14423"}],"version-history":[{"count":8,"href":"https:\/\/www.comwave.net\/residential\/wp-json\/wp\/v2\/pages\/14423\/revisions"}],"predecessor-version":[{"id":14578,"href":"https:\/\/www.comwave.net\/residential\/wp-json\/wp\/v2\/pages\/14423\/revisions\/14578"}],"wp:attachment":[{"href":"https:\/\/www.comwave.net\/residential\/wp-json\/wp\/v2\/media?parent=14423"}],"curies":[{"name":"wp","href":"https:\/\/api.w.org\/{rel}","templated":true}]}}