{"id":14803,"date":"2025-02-03T08:54:03","date_gmt":"2025-02-03T08:54:03","guid":{"rendered":"https:\/\/www.comwave.net\/residential\/?page_id=14803"},"modified":"2025-02-12T10:20:41","modified_gmt":"2025-02-12T10:20:41","slug":"Retroaction-et-plan-sur-laccessibilite","status":"publish","type":"page","link":"https:\/\/www.comwave.net\/residential3473\/fr\/Retroaction-et-plan-sur-laccessibilite\/","title":{"rendered":"R\u00e9troaction et plan sur l\u2019accessibilit\u00e9"},"content":{"rendered":"\t\t<div data-elementor-type=\"wp-page\" data-elementor-id=\"14803\" class=\"elementor elementor-14803 elementor-14741\">\n\t\t\t\t\t\t<section class=\"elementor-section elementor-top-section elementor-element elementor-element-f55f6d8 elementor-section-boxed elementor-section-height-default elementor-section-height-default\" data-id=\"f55f6d8\" data-element_type=\"section\">\n\t\t\t\t\t\t<div class=\"elementor-container elementor-column-gap-default\">\n\t\t\t\t\t<div class=\"elementor-column elementor-col-100 elementor-top-column elementor-element elementor-element-7b3aed6\" data-id=\"7b3aed6\" data-element_type=\"column\">\n\t\t\t<div class=\"elementor-widget-wrap elementor-element-populated\">\n\t\t\t\t\t\t<div class=\"elementor-element elementor-element-5520e3c elementor-widget elementor-widget-text-editor\" data-id=\"5520e3c\" data-element_type=\"widget\" data-widget_type=\"text-editor.default\">\n\t\t\t\t<div class=\"elementor-widget-container\">\n\t\t\t\t\t\t\t<p>Nous nous engageons \u00e0 offrir de meilleures exp\u00e9riences aux personnes ayant des besoins en mati\u00e8re d\u2019accessibilit\u00e9. Pour en savoir plus sur notre engagement envers l\u2019accessibilit\u00e9, consultez le <a href=\"https:\/\/www.rogers.com\/fr\/accessibilite\/plan\" target=\"_blank\" rel=\"noopener\">Plan d\u2019accessibilit\u00e9 sur 3 ans de Rogers<\/a>. Vous pouvez \u00e9galement rester \u00e0 l\u2019aff\u00fbt de nos efforts en lisant nos rapports d\u2019avancement annuels.<\/p><p>Vos commentaires sont les bienvenus, et nous aimerions conna\u00eetre votre opinion!<\/p><p>Dites-nous ce que vous pensez :<\/p><ul><li>de notre plan d\u2019accessibilit\u00e9,<\/li><li>de nos rapports d\u2019avancement, ou<\/li><li>des obstacles qui ont nui \u00e0 votre accessibilit\u00e9 lors de votre exp\u00e9rience avec les marques de Rogers.<\/li><\/ul><p>Pour nous faire part de vos commentaires ou pour en savoir plus, consultez la <a href=\"https:\/\/www.rogers.com\/fr\/accessibilite\" target=\"_blank\" rel=\"noopener\">page Accessibilit\u00e9<\/a> de Rogers.<\/p>\t\t\t\t\t\t<\/div>\n\t\t\t\t<\/div>\n\t\t\t\t\t<\/div>\n\t\t<\/div>\n\t\t\t\t\t<\/div>\n\t\t<\/section>\n\t\t\t\t<\/div>\n\t\t","protected":false},"excerpt":{"rendered":"<p>Nous nous engageons \u00e0 offrir de meilleures exp\u00e9riences aux personnes ayant des besoins en mati\u00e8re d\u2019accessibilit\u00e9. Pour en savoir plus sur notre engagement envers l\u2019accessibilit\u00e9, consultez le Plan d\u2019accessibilit\u00e9 sur 3 ans de Rogers. Vous pouvez \u00e9galement rester \u00e0 l\u2019aff\u00fbt de nos efforts en lisant nos rapports d\u2019avancement annuels. Vos commentaires sont les bienvenus, et&hellip; <a class=\"more-link\" href=\"https:\/\/www.comwave.net\/residential3473\/fr\/Retroaction-et-plan-sur-laccessibilite\/\">Continue reading <span class=\"screen-reader-text\">R\u00e9troaction et plan sur l\u2019accessibilit\u00e9<\/span><\/a><\/p>\n","protected":false},"author":1,"featured_media":0,"parent":0,"menu_order":0,"comment_status":"closed","ping_status":"closed","template":"","meta":{"_acf_changed":false,"footnotes":""},"class_list":["post-14803","page","type-page","status-publish","hentry","entry"],"acf":[],"_links":{"self":[{"href":"https:\/\/www.comwave.net\/residential3473\/fr\/wp-json\/wp\/v2\/pages\/14803"}],"collection":[{"href":"https:\/\/www.comwave.net\/residential3473\/fr\/wp-json\/wp\/v2\/pages"}],"about":[{"href":"https:\/\/www.comwave.net\/residential3473\/fr\/wp-json\/wp\/v2\/types\/page"}],"author":[{"embeddable":true,"href":"https:\/\/www.comwave.net\/residential3473\/fr\/wp-json\/wp\/v2\/users\/1"}],"replies":[{"embeddable":true,"href":"https:\/\/www.comwave.net\/residential3473\/fr\/wp-json\/wp\/v2\/comments?post=14803"}],"version-history":[{"count":56,"href":"https:\/\/www.comwave.net\/residential3473\/fr\/wp-json\/wp\/v2\/pages\/14803\/revisions"}],"predecessor-version":[{"id":14960,"href":"https:\/\/www.comwave.net\/residential3473\/fr\/wp-json\/wp\/v2\/pages\/14803\/revisions\/14960"}],"wp:attachment":[{"href":"https:\/\/www.comwave.net\/residential3473\/fr\/wp-json\/wp\/v2\/media?parent=14803"}],"curies":[{"name":"wp","href":"https:\/\/api.w.org\/{rel}","templated":true}]}}